{"id":129,"date":"2013-07-10T18:50:02","date_gmt":"2013-07-10T16:50:02","guid":{"rendered":"http:\/\/www.heidelberg-archers.de\/?page_id=129"},"modified":"2013-11-26T22:06:56","modified_gmt":"2013-11-26T20:06:56","slug":"vereinsleben","status":"publish","type":"page","link":"http:\/\/www.heidelberg-archers.de\/?page_id=129","title":{"rendered":"Vereinsleben"},"content":{"rendered":"<p><img loading=\"lazy\" class=\"alignnone size-large wp-image-133\" alt=\"100_2016\" src=\"http:\/\/www.heidelberg-archers.de\/wp-content\/uploads\/2013\/07\/100_2016-1024x267.jpg\" width=\"560\" height=\"146\" srcset=\"http:\/\/www.heidelberg-archers.de\/wp-content\/uploads\/2013\/07\/100_2016-1024x267.jpg 1024w, http:\/\/www.heidelberg-archers.de\/wp-content\/uploads\/2013\/07\/100_2016-300x78.jpg 300w\" sizes=\"(max-width: 560px) 100vw, 560px\" \/><\/p>\n<p>An dem j\u00e4hrlich veranstalteten <span style=\"color: #ff9900;\"><b>2-t\u00e4gigen Turnier<\/b><\/span> der Heidelberg Archers nehmen \u00fcber 100 Bogensch\u00fctzinnen und Bogensch\u00fctzen, teilweise sogar aus dem Ausland, mit gro\u00dfer Freude teil. Jung und alt sind hier vertreten: sowohl pfiffige 7-j\u00e4hrige als auch 70-j\u00e4hrige \u201ealte Hasen\u201c sind mit urspr\u00fcnglichen Primitivb\u00f6gen unserer Vorfahren, geschichtstr\u00e4chtigen Langb\u00f6gen bis hin zu hochtechnisierten Compound-Visierb\u00f6gen dabei.<\/p>\n<p>Auf zahlreich stattfindenden <span style=\"color: #ff9900;\"><b>Turnieren in ganz Deutschland<\/b><\/span> nehmen immer wieder Vereinsmitglieder teil, um neue Eindr\u00fccke von anderen Parcours zu bekommen. Es werden Fertigkeiten\u00a0verbessert, man tauscht sich gerne aus und lernt gleichzeitig neue Bogenfreunde kennen.<\/p>\n<p>Auch das <span style=\"color: #ff9900;\"><b>soziale Engagement<\/b> <\/span>kommt nicht zu kurz. So wurde schon in fr\u00fchen Jahren der Vereinsgeschichte die Betreuung Behinderter gro\u00dfgeschrieben. Seit 2002 engagieren sich die Heidelberg Archers f\u00fcr das Waldpiraten-Camp der <span style=\"color: #ff9900;\"><b>Deutschen Kinderkrebsstiftung<\/b><\/span> in Heidelberg (www.waldpiraten.de).<\/p>\n<p>J\u00e4hrlich stehen 2 gro\u00dfe Veranstaltungen besonders im Vordergrund. Die <span style=\"color: #ff9900;\"><b>Weihnachtsfeier f\u00fcr krebskranke Kinder <\/b><\/span>und das<b><span style=\"color: #ff9900;\"> Easter Egg Hunt<\/span><\/b>.\u00a0An diesen beiden Tagen haben die Eltern mit ihren Kindern die\u00a0M\u00f6glichkeit, einfach mal zu entspannen. Das Rahmenprogramm\u00a0sowie das Essen wird von Helfern \u00fcbernommen.<\/p>\n<p>Diese Projekte werden auch in den n\u00e4chsten Jahren weiterhin\u00a0unterst\u00fctzt und zus\u00e4tzliche soziale Vorhaben sind in Planung.<\/p>\n<p><img loading=\"lazy\" class=\"alignnone size-medium wp-image-134\" alt=\"Osterhase\" src=\"http:\/\/www.heidelberg-archers.de\/wp-content\/uploads\/2013\/07\/Osterhase-300x225.jpg\" width=\"300\" height=\"225\" srcset=\"http:\/\/www.heidelberg-archers.de\/wp-content\/uploads\/2013\/07\/Osterhase-300x225.jpg 300w, http:\/\/www.heidelberg-archers.de\/wp-content\/uploads\/2013\/07\/Osterhase.jpg 960w\" sizes=\"(max-width: 300px) 100vw, 300px\" \/><\/p>\n","protected":false},"excerpt":{"rendered":"<p>An dem j\u00e4hrlich veranstalteten 2-t\u00e4gigen Turnier der Heidelberg Archers nehmen \u00fcber 100 Bogensch\u00fctzinnen und Bogensch\u00fctzen, teilweise sogar aus dem Ausland, mit gro\u00dfer Freude teil. Jung und alt sind hier vertreten: sowohl pfiffige 7-j\u00e4hrige als auch 70-j\u00e4hrige \u201ealte Hasen\u201c sind mit urspr\u00fcnglichen Primitivb\u00f6gen unserer Vorfahren, geschichtstr\u00e4chtigen Langb\u00f6gen bis hin zu hochtechnisierten&#133;<\/p>\n","protected":false},"author":5,"featured_media":0,"parent":0,"menu_order":0,"comment_status":"open","ping_status":"open","template":"","meta":[],"_links":{"self":[{"href":"http:\/\/www.heidelberg-archers.de\/index.php?rest_route=\/wp\/v2\/pages\/129"}],"collection":[{"href":"http:\/\/www.heidelberg-archers.de\/index.php?rest_route=\/wp\/v2\/pages"}],"about":[{"href":"http:\/\/www.heidelberg-archers.de\/index.php?rest_route=\/wp\/v2\/types\/page"}],"author":[{"embeddable":true,"href":"http:\/\/www.heidelberg-archers.de\/index.php?rest_route=\/wp\/v2\/users\/5"}],"replies":[{"embeddable":true,"href":"http:\/\/www.heidelberg-archers.de\/index.php?rest_route=%2Fwp%2Fv2%2Fcomments&post=129"}],"version-history":[{"count":8,"href":"http:\/\/www.heidelberg-archers.de\/index.php?rest_route=\/wp\/v2\/pages\/129\/revisions"}],"predecessor-version":[{"id":309,"href":"http:\/\/www.heidelberg-archers.de\/index.php?rest_route=\/wp\/v2\/pages\/129\/revisions\/309"}],"wp:attachment":[{"href":"http:\/\/www.heidelberg-archers.de\/index.php?rest_route=%2Fwp%2Fv2%2Fmedia&parent=129"}],"curies":[{"name":"wp","href":"https:\/\/api.w.org\/{rel}","templated":true}]}}