{"id":13,"date":"2012-12-09T18:17:00","date_gmt":"2012-12-09T16:17:00","guid":{"rendered":"http:\/\/localhost\/wordpress\/?page_id=13"},"modified":"2018-06-24T12:03:33","modified_gmt":"2018-06-24T10:03:33","slug":"impressum","status":"publish","type":"page","link":"http:\/\/www.heidelberg-archers.de\/?page_id=13","title":{"rendered":"Impressum"},"content":{"rendered":"<p>Heidelberg Archers e.V.<\/p>\n<p>1. Vorstand: Fritz D\u00f6rr<\/p>\n<p>Kapellenstr. 61, 68794 Oberhausen-Rheinhausen<\/p>\n<p>info@heidelberg-archers.de<\/p>\n<p>Vereinsregisternummer:\u00a0VR 420 729\u00a0(Amtsgericht Mannheim)<\/p>\n<p>&nbsp;<\/p>\n<p>&nbsp;<\/p>\n<p>Mit Urteil des LG Hamburg vom 12. Mai 1998 &#8211; 312 O 85\/98 &#8211; hat dieses entschieden, da\u00df man durch die Anbringung eines Links die Inhalte der gelinkten Seite ggf. mit zu verantworten hat. Dies kann, so das LG, nur dadurch verhindert werden, dass man sich ausdr\u00fccklich von diesen Inhalten distanziert. F\u00fcr alle diese Links auf heidelberg-archers.de gilt: Wir erkl\u00e4ren ausdr\u00fccklich, da\u00df wir keinerlei Einflu\u00df auf die Gestaltung und die Inhalte der gelinkten Seiten haben. Deshalb distanzieren wir uns von jeglicher Verantwortung und etwaigen rechtswidrigen Inhalten aller gelinkten Seiten und machen uns diese Inhalte nicht zu Eigen. Diese Erkl\u00e4rung gilt f\u00fcr alle auf den Seiten von heidelberg-archers.de angezeigten Links und f\u00fcr alle Inhalte der Seiten, zu denen die bei uns gezeigten Banner und Links f\u00fchren.<\/p>\n<p>\u00a9 2013, Heidelberg Archers e.V.<\/p>\n","protected":false},"excerpt":{"rendered":"<p>Heidelberg Archers e.V. 1. Vorstand: Fritz D\u00f6rr Kapellenstr. 61, 68794 Oberhausen-Rheinhausen info@heidelberg-archers.de Vereinsregisternummer:\u00a0VR 420 729\u00a0(Amtsgericht Mannheim) &nbsp; &nbsp; Mit Urteil des LG Hamburg vom 12. Mai 1998 &#8211; 312 O 85\/98 &#8211; hat dieses entschieden, da\u00df man durch die Anbringung eines Links die Inhalte der gelinkten Seite ggf. mit zu&#133;<\/p>\n","protected":false},"author":1,"featured_media":0,"parent":0,"menu_order":4,"comment_status":"open","ping_status":"closed","template":"","meta":[],"_links":{"self":[{"href":"http:\/\/www.heidelberg-archers.de\/index.php?rest_route=\/wp\/v2\/pages\/13"}],"collection":[{"href":"http:\/\/www.heidelberg-archers.de\/index.php?rest_route=\/wp\/v2\/pages"}],"about":[{"href":"http:\/\/www.heidelberg-archers.de\/index.php?rest_route=\/wp\/v2\/types\/page"}],"author":[{"embeddable":true,"href":"http:\/\/www.heidelberg-archers.de\/index.php?rest_route=\/wp\/v2\/users\/1"}],"replies":[{"embeddable":true,"href":"http:\/\/www.heidelberg-archers.de\/index.php?rest_route=%2Fwp%2Fv2%2Fcomments&post=13"}],"version-history":[{"count":8,"href":"http:\/\/www.heidelberg-archers.de\/index.php?rest_route=\/wp\/v2\/pages\/13\/revisions"}],"predecessor-version":[{"id":703,"href":"http:\/\/www.heidelberg-archers.de\/index.php?rest_route=\/wp\/v2\/pages\/13\/revisions\/703"}],"wp:attachment":[{"href":"http:\/\/www.heidelberg-archers.de\/index.php?rest_route=%2Fwp%2Fv2%2Fmedia&parent=13"}],"curies":[{"name":"wp","href":"https:\/\/api.w.org\/{rel}","templated":true}]}}