{"id":176,"date":"2013-07-14T15:10:11","date_gmt":"2013-07-14T13:10:11","guid":{"rendered":"http:\/\/www.heidelberg-archers.de\/?page_id=176"},"modified":"2019-12-22T12:59:18","modified_gmt":"2019-12-22T10:59:18","slug":"berichte","status":"publish","type":"page","link":"http:\/\/www.heidelberg-archers.de\/?page_id=176","title":{"rendered":"Berichte"},"content":{"rendered":"<p>06.12.2019<\/p>\n<h4><strong>Spende\u00fcbergabe an den Kath. Kindergarten St. Franziskus Oberhausen<\/strong><\/h4>\n<p>Unser 1. Vorstand Friedrich D\u00f6rr \u00fcbergab am Namen des Bogensportvereins Heidelberg Archers e.V. am 6. Dezember 2019 dem Kath. Kindergarten St. Franziskus Oberhausen eine Spende in H\u00f6he von 200 Euro&#8230;.<span style=\"color: #ff6600;\"><a style=\"color: #ff6600;\" href=\"http:\/\/www.heidelberg-archers.de\/?p=976\">Spende\u00fcbergabe an den Kath. Kindergarten St. Franziskus Oberhausen<\/a><\/span><\/p>\n<p>. . . . . . . . . . . . . . . . . . . . . . . . . . . . . . . . . . . . . . . .<\/p>\n<p>24.08.2019<\/p>\n<h4><span style=\"color: #000000;\"><strong>Ferienspa\u00df Bogenschie\u00dfen<\/strong><\/span><\/h4>\n<p>Der Bogensportverein Heidelberg Archers, hatte am vergangenen Samstag, den 24.08.19 am Ferienprogramm der Gemeinde zum Bogenschie\u00dfen eingeladen. Mit voller Erwartungen trafen die Kinder p\u00fcnktlich an unserer Vereinsunterkunft an der Radrennbahn ein. Die Kinder wurden in 2 Gruppen eingeteilt. Die eine Gruppe startete mit Bogenschie\u00dfen und die zweite Gruppe bauten einen Pfeil als Erinnerungsst\u00fcck den sie mit nach Hause nehmen durften. Nach einiger Zeit wurden dann die Gruppen getauscht. Warten k\u00f6nnen, Geduld haben, sich konzentrieren&#8230;<a href=\"http:\/\/www.heidelberg-archers.de\/?p=895\"><span style=\"color: #ff6600;\">Ferienspa\u00df Bogenschie\u00dfen in Oberhausen<\/span><\/a><\/p>\n<p align=\"left\">. . . . . . . . . . . . . . . . . . . . . . . . . . . . . . . . . . . . . . . .<\/p>\n<p align=\"left\"><strong>28.07.2019<\/strong><\/p>\n<h4 align=\"left\"><span style=\"color: #000000;\"><strong>Kinderprogramm am Dorffest<\/strong><\/span><\/h4>\n<p align=\"left\">Der Bogensportverein Heidelberg Archers haben dieses Jahr zum ersten Mal beim Dorffest in Oberhausen teilgenommen. Hierbei unterst\u00fctzt wir den MGV Fidelia Sonntags beim Kindernachmittag und boten den Kleinen, wie kann es anderes sein, Bogenschie\u00dfen an&#8230;..<a href=\"http:\/\/www.heidelberg-archers.de\/?p=864\"><span style=\"color: #ff6600;\">Kinderprogramm am Dorffest<\/span><\/a><\/p>\n<p align=\"left\">. . . . . . . . . . . . . . . . . . . . . . . . . . . . . . . . . . . . . . . .<\/p>\n<p align=\"left\"><strong>22.06. und 23.06.2019<\/strong><\/p>\n<p align=\"left\"><strong><span style=\"font-family: Liberation Serif, serif; color: #000000;\"><span style=\"font-size: medium;\">Landesmeisterschaft BVBW 3D-Wald-\/Jagdrunde Bad Sch\u00f6nborn<\/span><\/span><\/strong><\/p>\n<p>Am 22.06. und 23.06.2019 fanden die Landesmeisterschaften 3-D in Bad Sch\u00f6nborn bei den Kraichgauer Bogensch\u00fctzen statt. Von den Heidelberg Archers waren zum ersten mal 2 Sch\u00fctzen dabei, um sich gegen ein gro\u00dfes Starterfeld anderen Bogensch\u00fctzen aus ganz Baden-W\u00fcrttemberg zu messen&#8230;&#8230; <a href=\"http:\/\/www.heidelberg-archers.de\/?p=760\"><span style=\"color: #ff6600;\">Landesmeisterschaft BVBW 3D-Wald-\/Jagdrunde Bad Sch\u00f6nborn<\/span><\/a><\/p>\n<p>. . . . . . . . . . . . . . . . . . . . . . . . . . . . . . . . . . . . . . . .<\/p>\n<p><strong>Samstag, 07.12.2013<\/strong><br \/>\n<strong>Christmas Charity Event der Heidelberg Archers<br \/>\n<\/strong>Irgendwann in den 1970ern hat Frank Soares ein Versprechen eingel\u00f6st\u00a0&#8230;\u00a0<span style=\"color: #ff6600;\"><a title=\"\u2013 Bericht, Christmas Charity Event 2013\" href=\"http:\/\/www.heidelberg-archers.de\/?page_id=321\"><span style=\"color: #ff6600;\">[weiterlesen]<\/span><\/a><\/span><\/p>\n<p>. . . . . . . . . . . . . . . . . . . . . . . . . . . . . . . . . . . . . . . .<\/p>\n<p><strong>Samstag, 23.11.2013<\/strong><br \/>\n<strong>Weihnachtsfeier der Heidelberg Archers<br \/>\n<\/strong>Am Samstag, den 23.11.2013, fand die allj\u00e4hrliche vorweihnachtliche Feier der Heidelberg Archers statt. Hierbei waren wieder zahlreiche Mitglieder &#8230;\u00a0<span style=\"color: #ff6600;\"><a title=\"\u2013 Bericht Weihnachtsfeier 2013\" href=\"http:\/\/www.heidelberg-archers.de\/?page_id=295\"><span style=\"color: #ff6600;\">[weiterlesen]<\/span><\/a><\/span><\/p>\n<p>. . . . . . . . . . . . . . . . . . . . . . . . . . . . . . . . . . . . . . . .<\/p>\n<p><strong>Samstag, 14.09.2013<\/strong><br \/>\n<strong> Mittelalterliches Bogenschie\u00dfen bei den Heidelberg Archers am Martin-Luther-Haus<br \/>\n<\/strong>Die Heidelberg Archers haben dieses Jahr zum ersten Mal beim Stra\u00dfenfest in Reilingen teilgenommen.<span style=\"color: #ff6600;\">\u00a0<a title=\"\u2013 Bericht, Stra\u00dfenfest Reilingen 2013\" href=\"http:\/\/www.heidelberg-archers.de\/?page_id=248\"><span style=\"color: #ff6600;\">[weiterlesen]<\/span><\/a><\/span><\/p>\n<p>. . . . . . . . . . . . . . . . . . . . . . . . . . . . . . . . . . . . . . . .<\/p>\n<p><strong>Samstag, 15.06.2013<br \/>\n<\/strong><strong>2. Kids-Cup Bad Mergentheim, Motto: Star Wars &#8211; das Imerium schl\u00e4gt zur\u00fcck<br \/>\n<\/strong><span style=\"color: #ff6600;\">Die Archersjugend belegt mit\u00a0Niklas Carpe den 1. Platz\u00a0und\u00a0Justin D\u00f6rr den 3. Platz<br \/>\n<\/span>In den W\u00e4ldern und Wiesen von \u201eIm Willinger Tal Bad Mergentheim\u201c fand am Samstag, den 15.06.2013 bei hervorragendem Wetter das 2. KidsCup unter dem Motto \u201cStar Wars \u2013 das Imperium schl\u00e4gt zur\u00fcck\u201c der Traditionellen Bogensch\u00fctzen Tauberfranken e.V. statt. <span style=\"color: #ff6600;\"><a title=\"\u2013 Bericht \u2013 StarWars\" href=\"http:\/\/www.heidelberg-archers.de\/?page_id=189\"><span style=\"color: #ff6600;\">[<span style=\"color: #ff9900;\">weiterlesen<\/span>]<\/span><\/a><\/span><\/p>\n<p>. . . . . . . . . . . . . . . . . . . . . . . . . . . . . . . . . . . . . . . .<\/p>\n<p><strong>Samstag,\u00a09.06.2013<br \/>\nVereinsmeisterschaft der Heidelberg Archers in Jagsthausen<br \/>\n<\/strong>Das Wetter lies nichts Gutes erwarten bei der Abfahrt um 8:00 Uhr in Walldorf mit dem Bus zu unserer diesj\u00e4hrigen Vereinsmeisterschaft.\u00a0<span style=\"color: #ff6600;\"><a title=\"\u2013 Bericht, Vereinsmeisterschaft 2013\" href=\"http:\/\/www.heidelberg-archers.de\/?page_id=201\"><span style=\"color: #ff6600;\">[weiterlesen]<\/span><\/a><\/span><\/p>\n","protected":false},"excerpt":{"rendered":"<p>06.12.2019 Spende\u00fcbergabe an den Kath. Kindergarten St. Franziskus Oberhausen Unser 1. Vorstand Friedrich D\u00f6rr \u00fcbergab am Namen des Bogensportvereins Heidelberg Archers e.V. am 6. Dezember 2019 dem Kath. Kindergarten St. Franziskus Oberhausen eine Spende in H\u00f6he von 200 Euro&#8230;.Spende\u00fcbergabe an den Kath. Kindergarten St. Franziskus Oberhausen . . . .&#133;<\/p>\n","protected":false},"author":5,"featured_media":0,"parent":0,"menu_order":0,"comment_status":"open","ping_status":"open","template":"","meta":[],"_links":{"self":[{"href":"http:\/\/www.heidelberg-archers.de\/index.php?rest_route=\/wp\/v2\/pages\/176"}],"collection":[{"href":"http:\/\/www.heidelberg-archers.de\/index.php?rest_route=\/wp\/v2\/pages"}],"about":[{"href":"http:\/\/www.heidelberg-archers.de\/index.php?rest_route=\/wp\/v2\/types\/page"}],"author":[{"embeddable":true,"href":"http:\/\/www.heidelberg-archers.de\/index.php?rest_route=\/wp\/v2\/users\/5"}],"replies":[{"embeddable":true,"href":"http:\/\/www.heidelberg-archers.de\/index.php?rest_route=%2Fwp%2Fv2%2Fcomments&post=176"}],"version-history":[{"count":55,"href":"http:\/\/www.heidelberg-archers.de\/index.php?rest_route=\/wp\/v2\/pages\/176\/revisions"}],"predecessor-version":[{"id":994,"href":"http:\/\/www.heidelberg-archers.de\/index.php?rest_route=\/wp\/v2\/pages\/176\/revisions\/994"}],"wp:attachment":[{"href":"http:\/\/www.heidelberg-archers.de\/index.php?rest_route=%2Fwp%2Fv2%2Fmedia&parent=176"}],"curies":[{"name":"wp","href":"https:\/\/api.w.org\/{rel}","templated":true}]}}