{"id":18,"date":"2012-12-09T18:20:07","date_gmt":"2012-12-09T16:20:07","guid":{"rendered":"http:\/\/localhost\/wordpress\/?page_id=18"},"modified":"2019-06-20T15:46:09","modified_gmt":"2019-06-20T13:46:09","slug":"uber-uns-2","status":"publish","type":"page","link":"http:\/\/www.heidelberg-archers.de\/?page_id=18","title":{"rendered":"\u00dcber uns"},"content":{"rendered":"<p><b><a href=\"http:\/\/www.heidelberg-archers.de\/wp-content\/uploads\/2013\/09\/DSC05406.jpg\"><img loading=\"lazy\" class=\"alignnone size-medium wp-image-494\" src=\"http:\/\/www.heidelberg-archers.de\/wp-content\/uploads\/2013\/09\/DSC05406-300x199.jpg\" alt=\"\" width=\"300\" height=\"199\" srcset=\"http:\/\/www.heidelberg-archers.de\/wp-content\/uploads\/2013\/09\/DSC05406-300x199.jpg 300w, http:\/\/www.heidelberg-archers.de\/wp-content\/uploads\/2013\/09\/DSC05406-1024x679.jpg 1024w\" sizes=\"(max-width: 300px) 100vw, 300px\" \/> \u00a0 \u00a0 \u00a0 \u00a0 \u00a0 \u00a0<\/a><a href=\"http:\/\/www.heidelberg-archers.de\/wp-content\/uploads\/2019\/06\/mitteilungsblatt.jpg\"><img loading=\"lazy\" class=\"alignnone wp-image-719 \" src=\"http:\/\/www.heidelberg-archers.de\/wp-content\/uploads\/2019\/06\/mitteilungsblatt-225x300.jpg\" alt=\"\" width=\"195\" height=\"260\" srcset=\"http:\/\/www.heidelberg-archers.de\/wp-content\/uploads\/2019\/06\/mitteilungsblatt-225x300.jpg 225w, http:\/\/www.heidelberg-archers.de\/wp-content\/uploads\/2019\/06\/mitteilungsblatt.jpg 768w\" sizes=\"(max-width: 195px) 100vw, 195px\" \/><\/a><\/b><\/p>\n<p><strong>Wir, <span style=\"color: #ff6600;\">die Heidelberg Archers<\/span>, sind ein Verein, der sich dem traditionellen Bogensport verschrieben hat. 1974 von Amerikanern gegr\u00fcndet, besteht der Verein mittlerweile fast ausschlie\u00dflich aus deutschen Bogensch\u00fctzinnen und -sch\u00fctzen. Seit Mai 2018 haben wir ein Gel\u00e4nde in Oberhausen-Rheinhausen.<\/strong><\/p>\n<p><strong><span style=\"color: #ff6600;\">Das Bogenschie\u00dfen bei den Heidelberg Archers<\/span> findet auf einer Wiese in Oberhausen statt. Geschossen wird auf unserem Bogensportgel\u00e4nde aus verschiedenen Entfernungen auf verschiedene 3D-Ziele aus Polyurethan-Schaum. Das 3D-Bogenschie\u00dfen wird das ganze Jahr ausge\u00fcbt. Bogensport ist ein Sport f\u00fcr die ganze Familie, bei dem Alt und Jung sich gleicherma\u00dfen bet\u00e4tigen k\u00f6nnen.\u00a0 Bogensport ist eine vielf\u00e4ltige Freizeitbesch\u00e4ftigung mit hohem gesundheitlichem Wert. Einen Sport f\u00fcr K\u00f6rper und Geist. Anspannung, Konzentration und Entspannung charakterisieren das intuitive Bogenschie\u00dfen. Man schie\u00dft sozusagen aus dem Bauch heraus, denn die traditionelle Schie\u00dfkunst verzichtet auf technische Hilfsmittel, Wir, <span style=\"color: #ff6600;\">die Heidelberg Archers<\/span>, haben sich dem traditionellen Schie\u00dfen mit Lang-, Primitiv-, und Recourvebogen verschrieben. Die Ausr\u00fcstung wird teilweise selbst hergestellt und Wissen sowie Erfahrungen werden miteinander geteilt.<\/strong><\/p>\n<p><strong>Mit <span style=\"color: #ff6600;\">Mitgliedern<\/span> aus allen Altersgruppen, sind wir ein Bogensportverein im s\u00fcddeutschem Raum und bieten interessierten Bogensch\u00fctzinnen und Bogensch\u00fctzen die M\u00f6glichkeit diese Sportart auszu\u00fcben.<\/strong><\/p>\n<p><strong>Eine <span style=\"color: #ff6600;\">Mittelaltergruppe<\/span> besch\u00e4ftigt sich neben dem historischen Bogenschie\u00dfen auch mit Ausr\u00fcstung, Kleidung und dem damaligen Leben. Sie nimmt auch an mittelalterlichen und historischen Veranstaltungen teil.<\/strong><\/p>\n","protected":false},"excerpt":{"rendered":"<p>\u00a0 \u00a0 \u00a0 \u00a0 \u00a0 \u00a0 Wir, die Heidelberg Archers, sind ein Verein, der sich dem traditionellen Bogensport verschrieben hat. 1974 von Amerikanern gegr\u00fcndet, besteht der Verein mittlerweile fast ausschlie\u00dflich aus deutschen Bogensch\u00fctzinnen und -sch\u00fctzen. Seit Mai 2018 haben wir ein Gel\u00e4nde in Oberhausen-Rheinhausen. Das Bogenschie\u00dfen bei den Heidelberg Archers&#133;<\/p>\n","protected":false},"author":1,"featured_media":0,"parent":0,"menu_order":1,"comment_status":"open","ping_status":"open","template":"","meta":[],"_links":{"self":[{"href":"http:\/\/www.heidelberg-archers.de\/index.php?rest_route=\/wp\/v2\/pages\/18"}],"collection":[{"href":"http:\/\/www.heidelberg-archers.de\/index.php?rest_route=\/wp\/v2\/pages"}],"about":[{"href":"http:\/\/www.heidelberg-archers.de\/index.php?rest_route=\/wp\/v2\/types\/page"}],"author":[{"embeddable":true,"href":"http:\/\/www.heidelberg-archers.de\/index.php?rest_route=\/wp\/v2\/users\/1"}],"replies":[{"embeddable":true,"href":"http:\/\/www.heidelberg-archers.de\/index.php?rest_route=%2Fwp%2Fv2%2Fcomments&post=18"}],"version-history":[{"count":16,"href":"http:\/\/www.heidelberg-archers.de\/index.php?rest_route=\/wp\/v2\/pages\/18\/revisions"}],"predecessor-version":[{"id":746,"href":"http:\/\/www.heidelberg-archers.de\/index.php?rest_route=\/wp\/v2\/pages\/18\/revisions\/746"}],"wp:attachment":[{"href":"http:\/\/www.heidelberg-archers.de\/index.php?rest_route=%2Fwp%2Fv2%2Fmedia&parent=18"}],"curies":[{"name":"wp","href":"https:\/\/api.w.org\/{rel}","templated":true}]}}