{"id":248,"date":"2013-09-22T18:19:33","date_gmt":"2013-09-22T16:19:33","guid":{"rendered":"http:\/\/www.heidelberg-archers.de\/?page_id=248"},"modified":"2013-09-25T11:56:18","modified_gmt":"2013-09-25T09:56:18","slug":"strasenfest-reilingen-2013","status":"publish","type":"page","link":"http:\/\/www.heidelberg-archers.de\/?page_id=248","title":{"rendered":"\u2013 Bericht, Stra\u00dfenfest Reilingen 2013"},"content":{"rendered":"<p><strong><strong>Samstag, 14.09.2013,\u00a0<\/strong><strong>Stra\u00dfenfest Reilingen<br \/>\n<\/strong>Mittelalterliches Bogenschie\u00dfen bei den Heidelberg Archers am Martin-Luther-Haus<br \/>\n<\/strong><\/p>\n<p>Die Heidelberg Archers haben dieses Jahr zum ersten Mal beim Stra\u00dfenfest in Reilingen teilgenommen. Hinter dem Martin-Lutherhaus luden wir die Bev\u00f6lkerung zum mittelalterlichen Bogenschiessen ein. In Historischen Gew\u00e4nder, entsprechender Ausr\u00fcstung, Feuerschale und mittelalterlichem Zelt versetzten wir die Besucher zur\u00fcck in die Vergangenheit. Trotz schlechtem Wetters kamen viele interessierte kleine und gro\u00dfe Besucher zu unserem mittelalterlichen Lagerplatz. Auf unserem kleinen 3D-Parcours konnten alle neugierigen M\u00e4gde und Knechte die fantastische Sportart ausprobieren. Manch einer f\u00fchlte sich w\u00e4hrend dessen wie Robin Hood. Der Erl\u00f6s der Schie\u00df\u00fcbungen kommt der Deutschen Leuk\u00e4mie-Forschungs-Hilfe, Aktion f\u00fcr krebskranke Kinder in Mannheim zugute, die unser Verein\u00a0 regelm\u00e4\u00dfig unterst\u00fctzt. (<a href=\"http:\/\/www.krebskranke-kinder.de\/\" target=\"_blank\">www.krebskranke-kinder.de<\/a>).<\/p>\n<p>Wir bedanken uns nochmals bei der ev. Kirchengemeinde, die uns den Platz hinterm Martin-Lutherhaus zur Verf\u00fcgung gestellt hat. Bei den Reilinger Landfrauen die uns mit hei\u00dfem Kaffee versorgten. Sowie der Bev\u00f6lkerung, die uns trotz des schlechten Wetters besuchten und mit dem Bogen ihr Gl\u00fcck versucht haben und uns somit bei unserem sozialen Engagement unterst\u00fctzten.<\/p>\n<p>Dank auch allen freiwilligen Helfer, die durch ihren Einsatz f\u00fcr ein gutes Gelingen dazu beigetragen haben.<\/p>\n<p>Michaela D\u00f6rr<\/p>\n<p><a href=\"http:\/\/www.heidelberg-archers.de\/wp-content\/uploads\/2013\/09\/f2t133p676n9.jpg\"><img loading=\"lazy\" class=\"alignleft size-thumbnail wp-image-270\" alt=\"f2t133p676n9\" src=\"http:\/\/www.heidelberg-archers.de\/wp-content\/uploads\/2013\/09\/f2t133p676n9-150x150.jpg\" width=\"150\" height=\"150\" \/><\/a> <a href=\"http:\/\/www.heidelberg-archers.de\/wp-content\/uploads\/2013\/09\/f2t133p676n15.jpg\"><img loading=\"lazy\" class=\"alignleft size-thumbnail wp-image-271\" alt=\"f2t133p676n15\" src=\"http:\/\/www.heidelberg-archers.de\/wp-content\/uploads\/2013\/09\/f2t133p676n15-150x150.jpg\" width=\"150\" height=\"150\" \/><\/a> <a href=\"http:\/\/www.heidelberg-archers.de\/wp-content\/uploads\/2013\/09\/f2t133p669n26.jpg\"><img loading=\"lazy\" class=\"alignleft size-thumbnail wp-image-269\" alt=\"f2t133p669n26\" src=\"http:\/\/www.heidelberg-archers.de\/wp-content\/uploads\/2013\/09\/f2t133p669n26-150x150.jpg\" width=\"150\" height=\"150\" \/><\/a><\/p>\n<p>&nbsp;<\/p>\n<p>&nbsp;<\/p>\n<p>&nbsp;<\/p>\n<p>&nbsp;<\/p>\n<p>&nbsp;<\/p>\n<p><span style=\"color: #ff6600;\"><a title=\"Berichte\" href=\"http:\/\/www.heidelberg-archers.de\/?page_id=176\"><span style=\"color: #ff6600;\">[zur\u00fcck]<\/span><\/a><\/span><\/p>\n","protected":false},"excerpt":{"rendered":"<p>Samstag, 14.09.2013,\u00a0Stra\u00dfenfest Reilingen Mittelalterliches Bogenschie\u00dfen bei den Heidelberg Archers am Martin-Luther-Haus Die Heidelberg Archers haben dieses Jahr zum ersten Mal beim Stra\u00dfenfest in Reilingen teilgenommen. Hinter dem Martin-Lutherhaus luden wir die Bev\u00f6lkerung zum mittelalterlichen Bogenschiessen ein. In Historischen Gew\u00e4nder, entsprechender Ausr\u00fcstung, Feuerschale und mittelalterlichem Zelt versetzten wir die Besucher zur\u00fcck&#133;<\/p>\n","protected":false},"author":5,"featured_media":270,"parent":0,"menu_order":0,"comment_status":"open","ping_status":"open","template":"","meta":[],"_links":{"self":[{"href":"http:\/\/www.heidelberg-archers.de\/index.php?rest_route=\/wp\/v2\/pages\/248"}],"collection":[{"href":"http:\/\/www.heidelberg-archers.de\/index.php?rest_route=\/wp\/v2\/pages"}],"about":[{"href":"http:\/\/www.heidelberg-archers.de\/index.php?rest_route=\/wp\/v2\/types\/page"}],"author":[{"embeddable":true,"href":"http:\/\/www.heidelberg-archers.de\/index.php?rest_route=\/wp\/v2\/users\/5"}],"replies":[{"embeddable":true,"href":"http:\/\/www.heidelberg-archers.de\/index.php?rest_route=%2Fwp%2Fv2%2Fcomments&post=248"}],"version-history":[{"count":7,"href":"http:\/\/www.heidelberg-archers.de\/index.php?rest_route=\/wp\/v2\/pages\/248\/revisions"}],"predecessor-version":[{"id":268,"href":"http:\/\/www.heidelberg-archers.de\/index.php?rest_route=\/wp\/v2\/pages\/248\/revisions\/268"}],"wp:featuredmedia":[{"embeddable":true,"href":"http:\/\/www.heidelberg-archers.de\/index.php?rest_route=\/wp\/v2\/media\/270"}],"wp:attachment":[{"href":"http:\/\/www.heidelberg-archers.de\/index.php?rest_route=%2Fwp%2Fv2%2Fmedia&parent=248"}],"curies":[{"name":"wp","href":"https:\/\/api.w.org\/{rel}","templated":true}]}}